{"id":1849,"date":"2024-08-17T20:25:35","date_gmt":"2024-08-17T20:25:35","guid":{"rendered":"https:\/\/santakitecaboverde.com\/kitesurf\/?page_id=1849"},"modified":"2024-11-29T21:13:44","modified_gmt":"2024-11-29T21:13:44","slug":"surfcamp-de-page","status":"publish","type":"page","link":"https:\/\/santakitecaboverde.com\/kitesurf\/surfcamp-de-page\/","title":{"rendered":"Kite- und Wingsurf Camp auf Sal"},"content":{"rendered":"\n<h3 class=\"wp-block-heading\">Angebotsform &amp; Termine<\/h3>\n\n\n\n<p>Bringe mit uns deine Wassersport-Skills auf ein v\u00f6llig neues Level. Erlebe die gro\u00dfartige und vielseitige Wassersportwelt auf der Kapverdischen Insel Sal. Entdecke neue Traumspots und mache dich bereit f\u00fcr eine gro\u00dfe Portion kapverdischer Abenteuer.<\/p>\n\n\n\n<p>Du hast schon ein paar Erfahrungen im Wassersport? Egal ob beim Windsurfen, Wingen oder Kiten?! Perfekt, dann bist du in unserem Kite und Wingcamp genau richtig. Wir bringen dich gezielt und ganz individuell in deiner Lieblingssportart weiter und holen dich dort ab wo du gerade stehst. From zero to Hero.<br>Auch f\u00fcr nicht Wassersportler hat Sal einiges zu bieten. <\/p>\n\n\n\n<p>Das Camp ist flexibel buchbar im Zeitraum 01.02. &#8211; 15.02.. Mindestdauer sind 7 Tage und die Buchung ist individuell verl\u00e4ngerbar. Die Unterkunft ist im Preis enthalten.<br>Teile uns einfach deinen gew\u00fcnschten Zeitraum bzw. deine allgemeinen Reisepl\u00e4ne in einem ersten Gespr\u00e4ch oder per E-Mail mit und wir gestalten gemeinsam dein Surfcamp.<\/p>\n\n\n\n<p>Auch das Surfmagazin ist begeistert von unserem Wassersportangebot auf Sal. \ud83d\ude09 (siehe <a href=\"https:\/\/www.surf-magazin.de\/windsurfen\/szene-und-events\/camp-fuer-einsteiger-2-2025-wingen-oder-windsurfen-lernen-auf-den-kapverden\/\" data-type=\"link\" data-id=\"https:\/\/www.surf-magazin.de\/windsurfen\/szene-und-events\/camp-fuer-einsteiger-2-2025-wingen-oder-windsurfen-lernen-auf-den-kapverden\/\">Surfmagazin Artikel<\/a>)<\/p>\n\n\n\n<div class=\"wp-block-columns is-layout-flex wp-container-core-columns-is-layout-28f84493 wp-block-columns-is-layout-flex\">\n<div class=\"wp-block-column is-layout-flow wp-block-column-is-layout-flow\">\n<h4 class=\"wp-block-heading\">Video zum Surfcamp<\/h4>\n\n\n\n<p>Hier stellen Ricardo und Sascha das Surfcamp in einem kurzen Video vor. Sie k\u00f6nnen hoffentlich schon die wichtigsten Fragen beantworten. \ud83d\ude42<\/p>\n<\/div>\n\n\n\n<div class=\"wp-block-column is-layout-flow wp-block-column-is-layout-flow\">\n<figure class=\"wp-block-video\"><video height=\"848\" style=\"aspect-ratio: 480 \/ 848;\" width=\"480\" controls src=\"https:\/\/santakitecaboverde.com\/kitesurf\/wp-content\/uploads\/2024\/08\/f05a83eb-3c96-4c18-b36a-9755061316da.mp4\"><\/video><\/figure>\n<\/div>\n<\/div>\n\n\n\n<h3 class=\"wp-block-heading\">An- und Abreise<\/h3>\n\n\n\n<p>Die An- und Abreise nach Sal, Kapverden ist in Eigenregie zu leisten. Hierzu k\u00f6nnt ihr gerne bei unserem Partner ReiseHus St. Peter &#8211; Ording einen Flug buchen. (<a href=\"https:\/\/reisehus.de\/site\/startseite\/\">https:\/\/reisehus.de\/site\/startseite\/<\/a> \/ Telefon: <a href=\"tel:04863 \/ 47 89 37\">+49 4863 \/ 47 89 37<\/a> ). Fl\u00fcge gibt es fast t\u00e4glich aus Deutschland. Meistens mit Umstieg aber auch Direktverbindungen sind m\u00f6glich. Gerne geben wir euch weiter Infos zur Anreise in einem pers\u00f6nlichen Gespr\u00e4ch.<\/p>\n\n\n\n<h3 class=\"wp-block-heading\">Wohnen<\/h3>\n\n\n\n<p>Wohnen werdet ihr in der Pens\u00e3o Alcinda Bettencourt diese befindet sich direkt neben unserer Surfschule &#8220;SantaKite&#8221; in Santa Maria. Unmittelbar in der N\u00e4he ist auch der Strand Praia Ant\u00f3nio Sousa, Strand Santa Maria sowie der Strand Ponta da Fragata Beach zu finden.<br>Eure Unterkunft bietet neben der tollen Lage auch eine Terasse, eine Bar und kostenloses WLAN.<\/p>\n\n\n\n<p>Die Pension verf\u00fcgt \u00fcber verschiedene Zimmer. Alle Doppelzimmer sind mit einer kleinen K\u00fcchenzeile ausgestattet und haben einen Herd und einen K\u00fchlschrank. Die 2 Einzelzimmer haben allerdings keine K\u00fcchenzeile. Fr\u00fchst\u00fcck ist im Preis inbegriffen und wird im Caf\u00e9 Columbus direkt neben dem Haus angeboten.<\/p>\n\n\n\n<p>Schau dir gerne das Video zur Unterkunft direkt am Spot an.<\/p>\n\n\n\n<figure class=\"wp-block-video\"><video height=\"478\" style=\"aspect-ratio: 848 \/ 478;\" width=\"848\" controls src=\"https:\/\/santakitecaboverde.com\/kitesurf\/wp-content\/uploads\/2024\/08\/d7bafbc4-498d-42ff-8820-bf3e5bc7fc84.mp4\"><\/video><\/figure>\n\n\n\n<h4 class=\"wp-block-heading\">Bilder und Impressionen<\/h4>\n\n\n\n<figure class=\"wp-block-gallery has-nested-images columns-default is-cropped wp-block-gallery-1 is-layout-flex wp-block-gallery-is-layout-flex\">\n<figure class=\"wp-block-image size-large\"><img fetchpriority=\"high\" decoding=\"async\" width=\"1024\" height=\"768\" data-id=\"1860\" src=\"https:\/\/santakitecaboverde.com\/kitesurf\/wp-content\/uploads\/2024\/08\/PHOTO-2024-07-25-10-57-40-5-1024x768.jpg\" alt=\"\" class=\"wp-image-1860\" srcset=\"https:\/\/santakitecaboverde.com\/kitesurf\/wp-content\/uploads\/2024\/08\/PHOTO-2024-07-25-10-57-40-5-1024x768.jpg 1024w, https:\/\/santakitecaboverde.com\/kitesurf\/wp-content\/uploads\/2024\/08\/PHOTO-2024-07-25-10-57-40-5-300x225.jpg 300w, https:\/\/santakitecaboverde.com\/kitesurf\/wp-content\/uploads\/2024\/08\/PHOTO-2024-07-25-10-57-40-5-768x576.jpg 768w, https:\/\/santakitecaboverde.com\/kitesurf\/wp-content\/uploads\/2024\/08\/PHOTO-2024-07-25-10-57-40-5-1536x1152.jpg 1536w, https:\/\/santakitecaboverde.com\/kitesurf\/wp-content\/uploads\/2024\/08\/PHOTO-2024-07-25-10-57-40-5.jpg 1600w\" sizes=\"(max-width: 1024px) 100vw, 1024px\" \/><\/figure>\n\n\n\n<figure class=\"wp-block-image size-large\"><img decoding=\"async\" width=\"768\" height=\"1024\" data-id=\"1859\" src=\"https:\/\/santakitecaboverde.com\/kitesurf\/wp-content\/uploads\/2024\/08\/PHOTO-2024-07-25-10-57-40-2-768x1024.jpg\" alt=\"\" class=\"wp-image-1859\" srcset=\"https:\/\/santakitecaboverde.com\/kitesurf\/wp-content\/uploads\/2024\/08\/PHOTO-2024-07-25-10-57-40-2-768x1024.jpg 768w, https:\/\/santakitecaboverde.com\/kitesurf\/wp-content\/uploads\/2024\/08\/PHOTO-2024-07-25-10-57-40-2-225x300.jpg 225w, https:\/\/santakitecaboverde.com\/kitesurf\/wp-content\/uploads\/2024\/08\/PHOTO-2024-07-25-10-57-40-2-1152x1536.jpg 1152w, https:\/\/santakitecaboverde.com\/kitesurf\/wp-content\/uploads\/2024\/08\/PHOTO-2024-07-25-10-57-40-2.jpg 1200w\" sizes=\"(max-width: 768px) 100vw, 768px\" \/><\/figure>\n\n\n\n<figure class=\"wp-block-image size-large\"><img decoding=\"async\" width=\"1016\" height=\"752\" data-id=\"1858\" src=\"https:\/\/santakitecaboverde.com\/kitesurf\/wp-content\/uploads\/2024\/08\/PHOTO-2024-07-25-10-57-41-2.jpg\" alt=\"\" class=\"wp-image-1858\" srcset=\"https:\/\/santakitecaboverde.com\/kitesurf\/wp-content\/uploads\/2024\/08\/PHOTO-2024-07-25-10-57-41-2.jpg 1016w, https:\/\/santakitecaboverde.com\/kitesurf\/wp-content\/uploads\/2024\/08\/PHOTO-2024-07-25-10-57-41-2-300x222.jpg 300w, https:\/\/santakitecaboverde.com\/kitesurf\/wp-content\/uploads\/2024\/08\/PHOTO-2024-07-25-10-57-41-2-768x568.jpg 768w\" sizes=\"(max-width: 1016px) 100vw, 1016px\" \/><\/figure>\n\n\n\n<figure class=\"wp-block-image size-full\"><img loading=\"lazy\" decoding=\"async\" width=\"675\" height=\"900\" data-id=\"1861\" src=\"https:\/\/santakitecaboverde.com\/kitesurf\/wp-content\/uploads\/2024\/08\/Bad2.jpg\" alt=\"\" class=\"wp-image-1861\" srcset=\"https:\/\/santakitecaboverde.com\/kitesurf\/wp-content\/uploads\/2024\/08\/Bad2.jpg 675w, https:\/\/santakitecaboverde.com\/kitesurf\/wp-content\/uploads\/2024\/08\/Bad2-225x300.jpg 225w\" sizes=\"(max-width: 675px) 100vw, 675px\" \/><\/figure>\n\n\n\n<figure class=\"wp-block-image size-large\"><img loading=\"lazy\" decoding=\"async\" width=\"1024\" height=\"768\" data-id=\"1853\" src=\"https:\/\/santakitecaboverde.com\/kitesurf\/wp-content\/uploads\/2024\/08\/PHOTO-2024-07-25-10-57-40-4-1024x768.jpg\" alt=\"\" class=\"wp-image-1853\" srcset=\"https:\/\/santakitecaboverde.com\/kitesurf\/wp-content\/uploads\/2024\/08\/PHOTO-2024-07-25-10-57-40-4-1024x768.jpg 1024w, https:\/\/santakitecaboverde.com\/kitesurf\/wp-content\/uploads\/2024\/08\/PHOTO-2024-07-25-10-57-40-4-300x225.jpg 300w, https:\/\/santakitecaboverde.com\/kitesurf\/wp-content\/uploads\/2024\/08\/PHOTO-2024-07-25-10-57-40-4-768x576.jpg 768w, https:\/\/santakitecaboverde.com\/kitesurf\/wp-content\/uploads\/2024\/08\/PHOTO-2024-07-25-10-57-40-4-1536x1152.jpg 1536w, https:\/\/santakitecaboverde.com\/kitesurf\/wp-content\/uploads\/2024\/08\/PHOTO-2024-07-25-10-57-40-4.jpg 1600w\" sizes=\"(max-width: 1024px) 100vw, 1024px\" \/><\/figure>\n\n\n\n<figure class=\"wp-block-image size-large\"><img loading=\"lazy\" decoding=\"async\" width=\"1024\" height=\"498\" data-id=\"1857\" src=\"https:\/\/santakitecaboverde.com\/kitesurf\/wp-content\/uploads\/2024\/08\/PHOTO-2024-07-25-10-58-26-2-1024x498.jpg\" alt=\"\" class=\"wp-image-1857\" srcset=\"https:\/\/santakitecaboverde.com\/kitesurf\/wp-content\/uploads\/2024\/08\/PHOTO-2024-07-25-10-58-26-2-1024x498.jpg 1024w, https:\/\/santakitecaboverde.com\/kitesurf\/wp-content\/uploads\/2024\/08\/PHOTO-2024-07-25-10-58-26-2-300x146.jpg 300w, https:\/\/santakitecaboverde.com\/kitesurf\/wp-content\/uploads\/2024\/08\/PHOTO-2024-07-25-10-58-26-2-768x374.jpg 768w, https:\/\/santakitecaboverde.com\/kitesurf\/wp-content\/uploads\/2024\/08\/PHOTO-2024-07-25-10-58-26-2.jpg 1079w\" sizes=\"(max-width: 1024px) 100vw, 1024px\" \/><\/figure>\n\n\n\n<figure class=\"wp-block-image size-large\"><img loading=\"lazy\" decoding=\"async\" width=\"1024\" height=\"683\" data-id=\"1862\" src=\"https:\/\/santakitecaboverde.com\/kitesurf\/wp-content\/uploads\/2024\/08\/bilderOutdoor-1024x683.jpg\" alt=\"\" class=\"wp-image-1862\" srcset=\"https:\/\/santakitecaboverde.com\/kitesurf\/wp-content\/uploads\/2024\/08\/bilderOutdoor-1024x683.jpg 1024w, https:\/\/santakitecaboverde.com\/kitesurf\/wp-content\/uploads\/2024\/08\/bilderOutdoor-300x200.jpg 300w, https:\/\/santakitecaboverde.com\/kitesurf\/wp-content\/uploads\/2024\/08\/bilderOutdoor-768x512.jpg 768w, https:\/\/santakitecaboverde.com\/kitesurf\/wp-content\/uploads\/2024\/08\/bilderOutdoor.jpg 1280w\" sizes=\"(max-width: 1024px) 100vw, 1024px\" \/><\/figure>\n<\/figure>\n\n\n\n<h3 class=\"wp-block-heading\">Programm <\/h3>\n\n\n\n<p>Eine typische Woche in unserem Surfacmp kann wie folgt aussehen:<\/p>\n\n\n\n<h4 class=\"wp-block-heading\">Tag 1 &#8211; Anreise &amp; Begr\u00fc\u00dfung<\/h4>\n\n\n\n<ul class=\"wp-block-list\">\n<li>Begr\u00fc\u00dfung in der Pension mit einem alkoholfreien Begr\u00fc\u00dfungscocktail. Anschlie\u00dfende Zuweisung der Zimmer sowie eine Begehung der Kiteschule und des Strandes inklusive einer kurzen Teamvorstellung. \ud83d\ude42<\/li>\n\n\n\n<li>Rundgang durch Santa Maria<\/li>\n\n\n\n<li>Gemeinsames Abendessen und Ausblick auf die kommende Zeit<\/li>\n<\/ul>\n\n\n\n<h4 class=\"wp-block-heading\">Tag 2 <\/h4>\n\n\n\n<ul class=\"wp-block-list\">\n<li>Kitekurs 07:00 &#8211; 09:00 Uhr &#8211; Wir wollen m\u00f6glichst alleine auf dem Wasser zu sein, um ungest\u00f6rt und effektiv trainieren zu k\u00f6nnen.<\/li>\n\n\n\n<li>Windsurfkurs 08:00 &#8211; 10:00 &#8211; Windsurfen findet am Hauptstrand Santa Maria statt. Den Kitern kommen wir dabei nicht ins Gehege.<\/li>\n\n\n\n<li>Wingkurs 11 &#8211; 13 Uhr &#8211; Wingen findet an einem anderen Spot statt, hier ist weniger Betrieb<\/li>\n\n\n\n<li>Fr\u00fchst\u00fcck im Caf\u00e9 Columbus von 07:30  &#8211; 10:30Uhr<\/li>\n\n\n\n<li>Freie Tagesgestaltung<\/li>\n<\/ul>\n\n\n\n<h4 class=\"wp-block-heading\">Tag 3 <\/h4>\n\n\n\n<ul class=\"wp-block-list\">\n<li>Kitekurs 07:00 &#8211; 09:00 Uhr &#8211; Wir wollen m\u00f6glichst alleine auf dem Wasser zu sein, um ungest\u00f6rt und effektiv trainieren zu k\u00f6nnen.<\/li>\n\n\n\n<li>Windsurfkurs 08:00 &#8211; 10:00 &#8211; Windsurfen findet am Hauptstrand Santa Maria statt. Den Kitern kommen wir dabei nicht ins Gehege.<\/li>\n\n\n\n<li>Wingkurs 11 &#8211; 13 Uhr &#8211; Wingen findet an einem anderen Spot statt, hier ist weniger Betrieb<\/li>\n\n\n\n<li>Fr\u00fchst\u00fcck im Caf\u00e9 Columbus von 07:30  &#8211; 10:30Uhr<\/li>\n\n\n\n<li>Freie Tagesgestaltung<\/li>\n<\/ul>\n\n\n\n<h4 class=\"wp-block-heading\">Tag 4 <\/h4>\n\n\n\n<ul class=\"wp-block-list\">\n<li>Kitekurs 07:00 &#8211; 09:00 Uhr &#8211; Wir wollen m\u00f6glichst alleine auf dem Wasser zu sein, um ungest\u00f6rt und effektiv trainieren zu k\u00f6nnen.<\/li>\n\n\n\n<li>Windsurfkurs 08:00 &#8211; 10:00 &#8211; Windsurfen findet am Hauptstrand Santa Maria statt. Den Kitern kommen wir dabei nicht ins Gehege.<\/li>\n\n\n\n<li>Wingkurs 11 &#8211; 13 Uhr &#8211; Wingen findet an einem anderen Spot statt, hier ist weniger Betrieb<\/li>\n\n\n\n<li>Fr\u00fchst\u00fcck im Caf\u00e9 Columbus von 07:30  &#8211; 10:30Uhr<\/li>\n\n\n\n<li>Wanderung zum Sonnenuntergang nach Punta Preta<\/li>\n<\/ul>\n\n\n\n<h4 class=\"wp-block-heading\">Tag 5<\/h4>\n\n\n\n<ul class=\"wp-block-list\">\n<li>Kitekurs 07:00 &#8211; 09:00 Uhr &#8211; Wir wollen m\u00f6glichst alleine auf dem Wasser zu sein, um ungest\u00f6rt und effektiv trainieren zu k\u00f6nnen.<\/li>\n\n\n\n<li>Windsurfkurs 08:00 &#8211; 10:00 &#8211; Windsurfen findet am Hauptstrand Santa Maria statt. Den Kitern kommen wir dabei nicht ins Gehege.<\/li>\n\n\n\n<li>Wingkurs 11 &#8211; 13 Uhr &#8211; Wingen findet an einem anderen Spot statt, hier ist weniger Betrieb<\/li>\n\n\n\n<li>Fr\u00fchst\u00fcck im Caf\u00e9 Columbus von 07:30 &#8211; 10:30Uhr<\/li>\n\n\n\n<li>Aktivit\u00e4t &#8211; z.B. Schnorcheln<\/li>\n<\/ul>\n\n\n\n<h4 class=\"wp-block-heading\">Tag 6 <\/h4>\n\n\n\n<ul class=\"wp-block-list\">\n<li>Inselrundfahrt mit dem Bus<\/li>\n\n\n\n<li>Grillabend an der Kiteschule<\/li>\n\n\n\n<li>Partyabend in der lokalen Bar &#8220;Kintaloka&#8221;<\/li>\n\n\n\n<li>Gemeinsames Abendessen und Ausblick auf dir kommende Zeit<\/li>\n\n\n\n<li>Fr\u00fchst\u00fcck im Caf\u00e9 Columbus von 07:30 &#8211; 10:30Uhr<\/li>\n<\/ul>\n\n\n\n<h4 class=\"wp-block-heading\">Tag 7 <\/h4>\n\n\n\n<ul class=\"wp-block-list\">\n<li>Wanderung zum Berg &#8220;Cabeza de Salina&#8221;<\/li>\n\n\n\n<li>Gemeinsames Abendessen und Abschluss<\/li>\n\n\n\n<li>Fr\u00fchst\u00fcck im Caf\u00e9 Columbus von 07:30 &#8211; 10:30Uhr<\/li>\n<\/ul>\n\n\n\n<h4 class=\"wp-block-heading\">Tag 8<\/h4>\n\n\n\n<ul class=\"wp-block-list\">\n<li>Abreise<\/li>\n\n\n\n<li>Fr\u00fchst\u00fcck im Caf\u00e9 Columbus von 07:30 &#8211; 10:30Uhr<\/li>\n<\/ul>\n\n\n\n<h3 class=\"wp-block-heading\">\u00d6ffnungszeiten Station<\/h3>\n\n\n\n<p>Die Station ist t\u00e4glich von 09:00 &#8211; 18:00Uhr ge\u00f6ffnet.<\/p>\n\n\n\n<h3 class=\"wp-block-heading\">Materialmiete w\u00e4hrend der Kurse<\/h3>\n\n\n\n<p>Das Mieten von Material w\u00e4hrend der Kurse ist je nach Auslastung m\u00f6glich. Informationen zu Preisen k\u00f6nnen <a href=\"https:\/\/santakitecaboverde.com\/kitesurf\/\">hier<\/a> eingesehen werden.<\/p>\n\n\n\n<p>Die Miete von Material zum Wellenreiten oder zum Schnorcheln ist unabh\u00e4ngig von der Auslastung m\u00f6glich. Sprecht uns hierzu einfach an.<\/p>\n\n\n\n<p>Tipp: Neoprenanz\u00fcge sind aufgrund der angenehm warmen Temperaturen nicht n\u00f6tig. Packt euch einfach ein Lycra als Sonnenschutz ein.<\/p>\n\n\n\n<p>Die Einlagerung von Material ist ebenfalls nach Absprache m\u00f6glich auch hierzu einfach mit uns telefonieren oder eine E-Mail schreiben.<\/p>\n\n\n\n<h3 class=\"wp-block-heading\">Unser Kursangebot<\/h3>\n\n\n\n<p>Wir bieten folgende Kurse mit unseren VDWS-zertifizierten und deutschsprachigen Coaches Ricardo und Sascha an:<\/p>\n\n\n\n<ol class=\"wp-block-list\">\n<li>Kitesurf Einsteiger Kurs mit unserem Kite-Profi und Stationsleiter Ricardo Bettencourt<\/li>\n\n\n\n<li>Wingsurf Einsteiger Kurs mit unserem erfahrenem Wassersporttrainer Sascha Berentzen<\/li>\n\n\n\n<li>Windsurf Einstieger Kurs mit unserem erfahrenem Wassersporttrainer Sascha Berentzen<\/li>\n<\/ol>\n\n\n\n<h3 class=\"wp-block-heading\">Aktivit\u00e4ten auf SAL<\/h3>\n\n\n\n<p>Du m\u00f6chtest deinen Partner mitnehmen, der mit Surfen nichts am Hut hat oder du bist auf der Suche nach Besch\u00e4ftigung f\u00fcr windfreie Stunden?<br>Dann hat die facettenreiche Insel Sal neben unserem Kursangebot noch einiges zu bieten. <br>Baden und Schnorcheln ist im t\u00fcrkisblauem Wasser zum Beispiel sehr gut m\u00f6glich. Gerne k\u00f6nnen wir auch gemeinsam mit Dir einen Schnorcheltrip planen. <\/p>\n\n\n\n<p>Dar\u00fcber hinaus gibt es auf Sal noch unz\u00e4hlige, weitere Aktivit\u00e4ten, wie z.B.:<\/p>\n\n\n\n<ul class=\"wp-block-list\">\n<li>Joggen durch die Salz-Salinen von SAL<\/li>\n\n\n\n<li>Yoga nach Absprache mit unserer Yoga-Trainerin<\/li>\n\n\n\n<li>Hochseeangeln nach eigenst\u00e4ndiger Buchung \u00fcber die Fischer an der Mole. Ricardo hat hier Kontakte<\/li>\n\n\n\n<li>Wandern zu dem Berg Cabecasalina mit einem von uns. Flyingfox (zipline) vom Berg runter bis zum Strand<\/li>\n\n\n\n<li>Schnorcheln mit Ricardo und seiner Harpune. Gemeinsames Fische fangen f\u00fcr den Grillabend<\/li>\n\n\n\n<li>Wellenreiten mit dem Profisurfer Ricardo und Bernardo in einer Wellen-Einsteiger-Bucht auf Sal<\/li>\n\n\n\n<li>Fisch Mittagessen bei Carlos direkt an der Fischermole im Zentrum<\/li>\n\n\n\n<li>Bummeln und Shoppen im Centro von Santa Maria<\/li>\n\n\n\n<li>Abendspaziergang mit anschliessender Sonnenuntergangs Session in Ponta Preta<\/li>\n\n\n\n<li>Massage im Santa Maria<\/li>\n\n\n\n<li>Party und Livemusik in der Szenebar Cintaloca. Eiskaltes, gezapftes Bier und leckere Cocktails<\/li>\n\n\n\n<li>Gef\u00fchrte Inseltour<\/li>\n\n\n\n<li>S\u00fcsse Zitronen-Haie Beobachten in der Bucht von Pedra de lume<\/li>\n\n\n\n<li>&#8230; und noch eine ganze Menge mehr.<\/li>\n<\/ul>\n\n\n\n<p>Dir sollte also nie langweilig werden. Zur \u00dcberzeugung kann ich empfehlen einfach mal &#8220;Sal cabo verde&#8221; bei &#8220;Google&#8221; einzugeben und schon f\u00e4ngt das Tagtr\u00e4umen an \ud83d\ude42 Bei allen genannten Aktivit\u00e4ten stehen wir euch nat\u00fcrlich mit Rat und Unterst\u00fctzung zur Seite. Sprecht uns einfach an!<\/p>\n\n\n\n<h4 class=\"wp-block-heading\">Video von Sal<\/h4>\n\n\n\n<p><a href=\"https:\/\/www.facebook.com\/share\/r\/gTrbFywLDdjezsQm\/?mibextid=WaXdOe\">https:\/\/www.facebook.com\/share\/r\/gTrbFywLDdjezsQm\/?mibextid=WaXdOe<\/a><\/p>\n\n\n\n<h3 class=\"wp-block-heading\">Buchung &amp; Preise<\/h3>\n\n\n\n<p>Der Preis f\u00fcr das Surfcamp betr\u00e4gt 1250\u20ac pro Person. Darin sind 10 Unterrichtseinheiten, 6 \u00dcbernachtungen im DZ inkl. Fr\u00fchst\u00fcck, Flughafentransfer, ein Barbeque Abend und eine unvergessliche Reise mit vielen tollen Leuten enthalten.<\/p>\n\n\n\n<p>Die Buchung erfolgt per E-Mail an Ricardo (<a href=\"mailto:santakitecaboverde@gmail.com\">santakitecaboverde@gmail.com<\/a>) weitere Informationen gibt es auch per Telefon unter: <a href=\"tel:+238 976 13 73\">+238 976 13 73<\/a><\/p>\n\n\n\n<p><\/p>\n\n\n\n<p><\/p>\n","protected":false},"excerpt":{"rendered":"<p>Angebotsform &amp; Termine Bringe mit uns deine Wassersport-Skills auf ein v\u00f6llig neues Level. Erlebe die gro\u00dfartige und vielseitige Wassersportwelt auf der Kapverdischen Insel Sal. Entdecke neue Traumspots und mache dich bereit f\u00fcr eine gro\u00dfe Portion kapverdischer Abenteuer. Du hast schon ein paar Erfahrungen im Wassersport? Egal ob beim Windsurfen, Wingen oder Kiten?! Perfekt, dann bist &hellip;<\/p>\n<p class=\"read-more\"> <a class=\"\" href=\"https:\/\/santakitecaboverde.com\/kitesurf\/surfcamp-de-page\/\"> <span class=\"screen-reader-text\">Kite- und Wingsurf Camp auf Sal<\/span> Read More &raquo;<\/a><\/p>\n","protected":false},"author":1,"featured_media":0,"parent":0,"menu_order":0,"comment_status":"closed","ping_status":"closed","template":"elementor_theme","meta":{"site-sidebar-layout":"default","site-content-layout":"","ast-site-content-layout":"default","site-content-style":"default","site-sidebar-style":"default","ast-global-header-display":"","ast-banner-title-visibility":"","ast-main-header-display":"","ast-hfb-above-header-display":"","ast-hfb-below-header-display":"","ast-hfb-mobile-header-display":"","site-post-title":"","ast-breadcrumbs-content":"","ast-featured-img":"","footer-sml-layout":"","theme-transparent-header-meta":"","adv-header-id-meta":"","stick-header-meta":"","header-above-stick-meta":"","header-main-stick-meta":"","header-below-stick-meta":"","astra-migrate-meta-layouts":"set","ast-page-background-enabled":"default","ast-page-background-meta":{"desktop":{"background-color":"","background-image":"","background-repeat":"repeat","background-position":"center center","background-size":"auto","background-attachment":"scroll","background-type":"","background-media":"","overlay-type":"","overlay-color":"","overlay-gradient":""},"tablet":{"background-color":"","background-image":"","background-repeat":"repeat","background-position":"center center","background-size":"auto","background-attachment":"scroll","background-type":"","background-media":"","overlay-type":"","overlay-color":"","overlay-gradient":""},"mobile":{"background-color":"","background-image":"","background-repeat":"repeat","background-position":"center center","background-size":"auto","background-attachment":"scroll","background-type":"","background-media":"","overlay-type":"","overlay-color":"","overlay-gradient":""}},"ast-content-background-meta":{"desktop":{"background-color":"var(--ast-global-color-5)","background-image":"","background-repeat":"repeat","background-position":"center center","background-size":"auto","background-attachment":"scroll","background-type":"","background-media":"","overlay-type":"","overlay-color":"","overlay-gradient":""},"tablet":{"background-color":"var(--ast-global-color-5)","background-image":"","background-repeat":"repeat","background-position":"center center","background-size":"auto","background-attachment":"scroll","background-type":"","background-media":"","overlay-type":"","overlay-color":"","overlay-gradient":""},"mobile":{"background-color":"var(--ast-global-color-5)","background-image":"","background-repeat":"repeat","background-position":"center center","background-size":"auto","background-attachment":"scroll","background-type":"","background-media":"","overlay-type":"","overlay-color":"","overlay-gradient":""}},"footnotes":""},"class_list":["post-1849","page","type-page","status-publish","hentry"],"_links":{"self":[{"href":"https:\/\/santakitecaboverde.com\/kitesurf\/wp-json\/wp\/v2\/pages\/1849","targetHints":{"allow":["GET"]}}],"collection":[{"href":"https:\/\/santakitecaboverde.com\/kitesurf\/wp-json\/wp\/v2\/pages"}],"about":[{"href":"https:\/\/santakitecaboverde.com\/kitesurf\/wp-json\/wp\/v2\/types\/page"}],"author":[{"embeddable":true,"href":"https:\/\/santakitecaboverde.com\/kitesurf\/wp-json\/wp\/v2\/users\/1"}],"replies":[{"embeddable":true,"href":"https:\/\/santakitecaboverde.com\/kitesurf\/wp-json\/wp\/v2\/comments?post=1849"}],"version-history":[{"count":17,"href":"https:\/\/santakitecaboverde.com\/kitesurf\/wp-json\/wp\/v2\/pages\/1849\/revisions"}],"predecessor-version":[{"id":2003,"href":"https:\/\/santakitecaboverde.com\/kitesurf\/wp-json\/wp\/v2\/pages\/1849\/revisions\/2003"}],"wp:attachment":[{"href":"https:\/\/santakitecaboverde.com\/kitesurf\/wp-json\/wp\/v2\/media?parent=1849"}],"curies":[{"name":"wp","href":"https:\/\/api.w.org\/{rel}","templated":true}]}}